{"id":5,"date":"2021-07-05T11:19:14","date_gmt":"2021-07-05T15:19:14","guid":{"rendered":"https:\/\/clewisinsurance.com\/?page_id=5"},"modified":"2026-02-04T15:54:55","modified_gmt":"2026-02-04T20:54:55","slug":"home","status":"publish","type":"page","link":"https:\/\/clewisinsurance.com\/es\/","title":{"rendered":""},"content":{"rendered":"<div class=\"wp-block-cover alignfull is-light\"><img data-recalc-dims=\"1\" loading=\"lazy\" decoding=\"async\" width=\"2000\" height=\"1333\" data-attachment-id=\"203\" data-permalink=\"https:\/\/clewisinsurance.com\/es\/untitled-design-copy-2\/\" data-orig-file=\"https:\/\/i0.wp.com\/clewisinsurance.com\/wp-content\/uploads\/2021\/07\/untitled-design-copy-2.png?fit=2000%2C1333&amp;ssl=1\" data-orig-size=\"2000,1333\" data-comments-opened=\"1\" data-image-meta=\"{&quot;aperture&quot;:&quot;0&quot;,&quot;credit&quot;:&quot;&quot;,&quot;camera&quot;:&quot;&quot;,&quot;caption&quot;:&quot;&quot;,&quot;created_timestamp&quot;:&quot;0&quot;,&quot;copyright&quot;:&quot;&quot;,&quot;focal_length&quot;:&quot;0&quot;,&quot;iso&quot;:&quot;0&quot;,&quot;shutter_speed&quot;:&quot;0&quot;,&quot;title&quot;:&quot;&quot;,&quot;orientation&quot;:&quot;0&quot;}\" data-image-title=\"untitled-design-copy-2\" data-image-description=\"\" data-image-caption=\"\" data-medium-file=\"https:\/\/i0.wp.com\/clewisinsurance.com\/wp-content\/uploads\/2021\/07\/untitled-design-copy-2.png?fit=300%2C200&amp;ssl=1\" data-large-file=\"https:\/\/i0.wp.com\/clewisinsurance.com\/wp-content\/uploads\/2021\/07\/untitled-design-copy-2.png?fit=1024%2C682&amp;ssl=1\" class=\"wp-block-cover__image-background wp-image-203 size-full\" alt=\"\" src=\"https:\/\/i0.wp.com\/clewisinsurance.com\/wp-content\/uploads\/2021\/07\/untitled-design-copy-2.png?resize=2000%2C1333&#038;ssl=1\" data-object-fit=\"cover\"\/><span aria-hidden=\"true\" class=\"wp-block-cover__background has-background-dim-10 has-background-dim\" style=\"background-color:#8097a0\"><\/span><div class=\"wp-block-cover__inner-container is-layout-flow wp-block-cover-is-layout-flow\">\n<h2 class=\"wp-block-heading has-text-align-center has-background-color has-text-color\">WELCOME TO THE LEWIS INSURANCE AGENCY<\/h2>\n\n\n\n<p class=\"has-text-align-center has-background-color has-text-color\">Sus expertos en seguros con m\u00e1s de 35 a\u00f1os de experiencia.<\/p>\n\n\n\n<div class=\"wp-block-buttons is-horizontal is-content-justification-center is-layout-flex wp-container-core-buttons-is-layout-03627597 wp-block-buttons-is-layout-flex\">\n<div class=\"wp-block-button is-style-fill\"><a class=\"wp-block-button__link has-background-color has-foreground-background-color has-text-color has-background wp-element-button\" href=\"https:\/\/clewisinsurance.com\/es\/about-us\/\">M\u00e1s.<\/a><\/div>\n<\/div>\n<\/div><\/div>\n\n\n\n<h3 class=\"wp-block-heading has-text-align-center\" style=\"font-size:clamp(18.959px, 1.185rem + ((1vw - 3.2px) * 1.624), 30px);px;line-height:1.2\">Save with the Lewis Insurance Agency today!<\/h3>\n\n\n\n<p class=\"has-text-align-center\">No importa si es necesario por motivos personales o comerciales, una p\u00f3liza de seguro proporciona un papel esencial para todos. Para los residentes de diferentes estados, Chad M. Lewis Insurance Agency ofrece una gama completa de productos de seguros que protegen sus resultados. Las personas conf\u00edan en nosotros para que les proporcionemos este servicio necesario.<\/p>\n\n\n\n<figure class=\"wp-block-gallery has-nested-images columns-4 is-cropped wp-block-gallery-1 is-layout-flex wp-block-gallery-is-layout-flex\">\n<figure class=\"wp-block-image size-large\"><img data-recalc-dims=\"1\" loading=\"lazy\" decoding=\"async\" width=\"525\" height=\"900\" data-attachment-id=\"110\" data-permalink=\"https:\/\/clewisinsurance.com\/es\/1\/\" data-orig-file=\"https:\/\/i0.wp.com\/clewisinsurance.com\/wp-content\/uploads\/2021\/07\/1.png?fit=525%2C900&amp;ssl=1\" data-orig-size=\"525,900\" data-comments-opened=\"1\" data-image-meta=\"{&quot;aperture&quot;:&quot;0&quot;,&quot;credit&quot;:&quot;&quot;,&quot;camera&quot;:&quot;&quot;,&quot;caption&quot;:&quot;&quot;,&quot;created_timestamp&quot;:&quot;0&quot;,&quot;copyright&quot;:&quot;&quot;,&quot;focal_length&quot;:&quot;0&quot;,&quot;iso&quot;:&quot;0&quot;,&quot;shutter_speed&quot;:&quot;0&quot;,&quot;title&quot;:&quot;&quot;,&quot;orientation&quot;:&quot;0&quot;}\" data-image-title=\"1\" data-image-description=\"\" data-image-caption=\"\" data-medium-file=\"https:\/\/i0.wp.com\/clewisinsurance.com\/wp-content\/uploads\/2021\/07\/1.png?fit=175%2C300&amp;ssl=1\" data-large-file=\"https:\/\/i0.wp.com\/clewisinsurance.com\/wp-content\/uploads\/2021\/07\/1.png?fit=525%2C900&amp;ssl=1\" data-id=\"110\" src=\"https:\/\/i0.wp.com\/clewisinsurance.com\/wp-content\/uploads\/2021\/07\/1.png?resize=525%2C900&#038;ssl=1\" alt=\"\" class=\"wp-image-110\"\/><\/figure>\n\n\n\n<figure class=\"wp-block-image size-large\"><img data-recalc-dims=\"1\" loading=\"lazy\" decoding=\"async\" width=\"525\" height=\"900\" data-attachment-id=\"111\" data-permalink=\"https:\/\/clewisinsurance.com\/es\/2-1-2\/\" data-orig-file=\"https:\/\/i0.wp.com\/clewisinsurance.com\/wp-content\/uploads\/2021\/07\/2-1.png?fit=525%2C900&amp;ssl=1\" data-orig-size=\"525,900\" data-comments-opened=\"1\" data-image-meta=\"{&quot;aperture&quot;:&quot;0&quot;,&quot;credit&quot;:&quot;&quot;,&quot;camera&quot;:&quot;&quot;,&quot;caption&quot;:&quot;&quot;,&quot;created_timestamp&quot;:&quot;0&quot;,&quot;copyright&quot;:&quot;&quot;,&quot;focal_length&quot;:&quot;0&quot;,&quot;iso&quot;:&quot;0&quot;,&quot;shutter_speed&quot;:&quot;0&quot;,&quot;title&quot;:&quot;&quot;,&quot;orientation&quot;:&quot;0&quot;}\" data-image-title=\"2-1\" data-image-description=\"\" data-image-caption=\"\" data-medium-file=\"https:\/\/i0.wp.com\/clewisinsurance.com\/wp-content\/uploads\/2021\/07\/2-1.png?fit=175%2C300&amp;ssl=1\" data-large-file=\"https:\/\/i0.wp.com\/clewisinsurance.com\/wp-content\/uploads\/2021\/07\/2-1.png?fit=525%2C900&amp;ssl=1\" data-id=\"111\" src=\"https:\/\/i0.wp.com\/clewisinsurance.com\/wp-content\/uploads\/2021\/07\/2-1.png?resize=525%2C900&#038;ssl=1\" alt=\"\" class=\"wp-image-111\"\/><\/figure>\n\n\n\n<figure class=\"wp-block-image size-large\"><img data-recalc-dims=\"1\" loading=\"lazy\" decoding=\"async\" width=\"525\" height=\"900\" data-attachment-id=\"112\" data-permalink=\"https:\/\/clewisinsurance.com\/es\/3\/\" data-orig-file=\"https:\/\/i0.wp.com\/clewisinsurance.com\/wp-content\/uploads\/2021\/07\/3.png?fit=525%2C900&amp;ssl=1\" data-orig-size=\"525,900\" data-comments-opened=\"1\" data-image-meta=\"{&quot;aperture&quot;:&quot;0&quot;,&quot;credit&quot;:&quot;&quot;,&quot;camera&quot;:&quot;&quot;,&quot;caption&quot;:&quot;&quot;,&quot;created_timestamp&quot;:&quot;0&quot;,&quot;copyright&quot;:&quot;&quot;,&quot;focal_length&quot;:&quot;0&quot;,&quot;iso&quot;:&quot;0&quot;,&quot;shutter_speed&quot;:&quot;0&quot;,&quot;title&quot;:&quot;&quot;,&quot;orientation&quot;:&quot;0&quot;}\" data-image-title=\"3\" data-image-description=\"\" data-image-caption=\"\" data-medium-file=\"https:\/\/i0.wp.com\/clewisinsurance.com\/wp-content\/uploads\/2021\/07\/3.png?fit=175%2C300&amp;ssl=1\" data-large-file=\"https:\/\/i0.wp.com\/clewisinsurance.com\/wp-content\/uploads\/2021\/07\/3.png?fit=525%2C900&amp;ssl=1\" data-id=\"112\" src=\"https:\/\/i0.wp.com\/clewisinsurance.com\/wp-content\/uploads\/2021\/07\/3.png?resize=525%2C900&#038;ssl=1\" alt=\"\" class=\"wp-image-112\"\/><\/figure>\n\n\n\n<figure class=\"wp-block-image size-large\"><img data-recalc-dims=\"1\" loading=\"lazy\" decoding=\"async\" width=\"525\" height=\"900\" data-attachment-id=\"115\" data-permalink=\"https:\/\/clewisinsurance.com\/es\/6\/\" data-orig-file=\"https:\/\/i0.wp.com\/clewisinsurance.com\/wp-content\/uploads\/2021\/07\/6.png?fit=525%2C900&amp;ssl=1\" data-orig-size=\"525,900\" data-comments-opened=\"1\" data-image-meta=\"{&quot;aperture&quot;:&quot;0&quot;,&quot;credit&quot;:&quot;&quot;,&quot;camera&quot;:&quot;&quot;,&quot;caption&quot;:&quot;&quot;,&quot;created_timestamp&quot;:&quot;0&quot;,&quot;copyright&quot;:&quot;&quot;,&quot;focal_length&quot;:&quot;0&quot;,&quot;iso&quot;:&quot;0&quot;,&quot;shutter_speed&quot;:&quot;0&quot;,&quot;title&quot;:&quot;&quot;,&quot;orientation&quot;:&quot;0&quot;}\" data-image-title=\"6\" data-image-description=\"\" data-image-caption=\"\" data-medium-file=\"https:\/\/i0.wp.com\/clewisinsurance.com\/wp-content\/uploads\/2021\/07\/6.png?fit=175%2C300&amp;ssl=1\" data-large-file=\"https:\/\/i0.wp.com\/clewisinsurance.com\/wp-content\/uploads\/2021\/07\/6.png?fit=525%2C900&amp;ssl=1\" data-id=\"115\" src=\"https:\/\/i0.wp.com\/clewisinsurance.com\/wp-content\/uploads\/2021\/07\/6.png?resize=525%2C900&#038;ssl=1\" alt=\"\" class=\"wp-image-115\"\/><\/figure>\n\n\n\n<figure class=\"wp-block-image size-large\"><img data-recalc-dims=\"1\" loading=\"lazy\" decoding=\"async\" width=\"525\" height=\"900\" data-attachment-id=\"116\" data-permalink=\"https:\/\/clewisinsurance.com\/es\/7\/\" data-orig-file=\"https:\/\/i0.wp.com\/clewisinsurance.com\/wp-content\/uploads\/2021\/07\/7.png?fit=525%2C900&amp;ssl=1\" data-orig-size=\"525,900\" data-comments-opened=\"1\" data-image-meta=\"{&quot;aperture&quot;:&quot;0&quot;,&quot;credit&quot;:&quot;&quot;,&quot;camera&quot;:&quot;&quot;,&quot;caption&quot;:&quot;&quot;,&quot;created_timestamp&quot;:&quot;0&quot;,&quot;copyright&quot;:&quot;&quot;,&quot;focal_length&quot;:&quot;0&quot;,&quot;iso&quot;:&quot;0&quot;,&quot;shutter_speed&quot;:&quot;0&quot;,&quot;title&quot;:&quot;&quot;,&quot;orientation&quot;:&quot;0&quot;}\" data-image-title=\"7\" data-image-description=\"\" data-image-caption=\"\" data-medium-file=\"https:\/\/i0.wp.com\/clewisinsurance.com\/wp-content\/uploads\/2021\/07\/7.png?fit=175%2C300&amp;ssl=1\" data-large-file=\"https:\/\/i0.wp.com\/clewisinsurance.com\/wp-content\/uploads\/2021\/07\/7.png?fit=525%2C900&amp;ssl=1\" data-id=\"116\" src=\"https:\/\/i0.wp.com\/clewisinsurance.com\/wp-content\/uploads\/2021\/07\/7.png?resize=525%2C900&#038;ssl=1\" alt=\"\" class=\"wp-image-116\"\/><\/figure>\n\n\n\n<figure class=\"wp-block-image size-large\"><img data-recalc-dims=\"1\" loading=\"lazy\" decoding=\"async\" width=\"525\" height=\"900\" data-attachment-id=\"117\" data-permalink=\"https:\/\/clewisinsurance.com\/es\/8\/\" data-orig-file=\"https:\/\/i0.wp.com\/clewisinsurance.com\/wp-content\/uploads\/2021\/07\/8.png?fit=525%2C900&amp;ssl=1\" data-orig-size=\"525,900\" data-comments-opened=\"1\" data-image-meta=\"{&quot;aperture&quot;:&quot;0&quot;,&quot;credit&quot;:&quot;&quot;,&quot;camera&quot;:&quot;&quot;,&quot;caption&quot;:&quot;&quot;,&quot;created_timestamp&quot;:&quot;0&quot;,&quot;copyright&quot;:&quot;&quot;,&quot;focal_length&quot;:&quot;0&quot;,&quot;iso&quot;:&quot;0&quot;,&quot;shutter_speed&quot;:&quot;0&quot;,&quot;title&quot;:&quot;&quot;,&quot;orientation&quot;:&quot;0&quot;}\" data-image-title=\"8\" data-image-description=\"\" data-image-caption=\"\" data-medium-file=\"https:\/\/i0.wp.com\/clewisinsurance.com\/wp-content\/uploads\/2021\/07\/8.png?fit=175%2C300&amp;ssl=1\" data-large-file=\"https:\/\/i0.wp.com\/clewisinsurance.com\/wp-content\/uploads\/2021\/07\/8.png?fit=525%2C900&amp;ssl=1\" data-id=\"117\" src=\"https:\/\/i0.wp.com\/clewisinsurance.com\/wp-content\/uploads\/2021\/07\/8.png?resize=525%2C900&#038;ssl=1\" alt=\"\" class=\"wp-image-117\"\/><\/figure>\n\n\n\n<figure class=\"wp-block-image size-large\"><img data-recalc-dims=\"1\" loading=\"lazy\" decoding=\"async\" width=\"525\" height=\"900\" data-attachment-id=\"114\" data-permalink=\"https:\/\/clewisinsurance.com\/es\/5\/\" data-orig-file=\"https:\/\/i0.wp.com\/clewisinsurance.com\/wp-content\/uploads\/2021\/07\/5.png?fit=525%2C900&amp;ssl=1\" data-orig-size=\"525,900\" data-comments-opened=\"1\" data-image-meta=\"{&quot;aperture&quot;:&quot;0&quot;,&quot;credit&quot;:&quot;&quot;,&quot;camera&quot;:&quot;&quot;,&quot;caption&quot;:&quot;&quot;,&quot;created_timestamp&quot;:&quot;0&quot;,&quot;copyright&quot;:&quot;&quot;,&quot;focal_length&quot;:&quot;0&quot;,&quot;iso&quot;:&quot;0&quot;,&quot;shutter_speed&quot;:&quot;0&quot;,&quot;title&quot;:&quot;&quot;,&quot;orientation&quot;:&quot;0&quot;}\" data-image-title=\"5\" data-image-description=\"\" data-image-caption=\"\" data-medium-file=\"https:\/\/i0.wp.com\/clewisinsurance.com\/wp-content\/uploads\/2021\/07\/5.png?fit=175%2C300&amp;ssl=1\" data-large-file=\"https:\/\/i0.wp.com\/clewisinsurance.com\/wp-content\/uploads\/2021\/07\/5.png?fit=525%2C900&amp;ssl=1\" data-id=\"114\" src=\"https:\/\/i0.wp.com\/clewisinsurance.com\/wp-content\/uploads\/2021\/07\/5.png?resize=525%2C900&#038;ssl=1\" alt=\"\" class=\"wp-image-114\"\/><\/figure>\n\n\n\n<figure class=\"wp-block-image size-large\"><img data-recalc-dims=\"1\" loading=\"lazy\" decoding=\"async\" width=\"525\" height=\"900\" data-attachment-id=\"113\" data-permalink=\"https:\/\/clewisinsurance.com\/es\/4\/\" data-orig-file=\"https:\/\/i0.wp.com\/clewisinsurance.com\/wp-content\/uploads\/2021\/07\/4.png?fit=525%2C900&amp;ssl=1\" data-orig-size=\"525,900\" data-comments-opened=\"1\" data-image-meta=\"{&quot;aperture&quot;:&quot;0&quot;,&quot;credit&quot;:&quot;&quot;,&quot;camera&quot;:&quot;&quot;,&quot;caption&quot;:&quot;&quot;,&quot;created_timestamp&quot;:&quot;0&quot;,&quot;copyright&quot;:&quot;&quot;,&quot;focal_length&quot;:&quot;0&quot;,&quot;iso&quot;:&quot;0&quot;,&quot;shutter_speed&quot;:&quot;0&quot;,&quot;title&quot;:&quot;&quot;,&quot;orientation&quot;:&quot;0&quot;}\" data-image-title=\"4\" data-image-description=\"\" data-image-caption=\"\" data-medium-file=\"https:\/\/i0.wp.com\/clewisinsurance.com\/wp-content\/uploads\/2021\/07\/4.png?fit=175%2C300&amp;ssl=1\" data-large-file=\"https:\/\/i0.wp.com\/clewisinsurance.com\/wp-content\/uploads\/2021\/07\/4.png?fit=525%2C900&amp;ssl=1\" data-id=\"113\" src=\"https:\/\/i0.wp.com\/clewisinsurance.com\/wp-content\/uploads\/2021\/07\/4.png?resize=525%2C900&#038;ssl=1\" alt=\"\" class=\"wp-image-113\"\/><\/figure>\n<\/figure>\n\n\n\n<p class=\"has-text-align-center\" style=\"font-size:clamp(14px, 0.875rem + ((1vw - 3.2px) * 0.147), 15px);\"><strong><em><strong><em>Nuestra oficina est\u00e1 ubicada en Virginia, tenemos licencia en varios estados: Virginia, West Virginia, Maryland, Pensilvania, Carolina del Norte, South Dakota, Montana, Carolina del Sur y Tennessee<\/em><\/strong>.<\/em><\/strong><\/p>\n\n\n\n<div style=\"height:100px\" aria-hidden=\"true\" class=\"wp-block-spacer\"><\/div>\n\n\n\n<div class=\"wp-block-group alignfull has-foreground-dark-background-color has-background is-layout-flow wp-block-group-is-layout-flow\">\n<div class=\"wp-block-columns is-layout-flex wp-container-core-columns-is-layout-28f84493 wp-block-columns-is-layout-flex\">\n<div class=\"wp-block-column is-layout-flow wp-block-column-is-layout-flow\" style=\"flex-basis:45%\">\n<p class=\"has-text-align-left\" style=\"font-size:clamp(14px, 0.875rem + ((1vw - 3.2px) * 0.882), 20px);px;line-height:1.3\">Suscr\u00edbase a nuestro bolet\u00edn mensual, que le dar\u00e1 acceso a los \u00faltimos consejos sobre seguros y anuncios de agencias.<\/p>\n<\/div>\n\n\n\n<div class=\"wp-block-column is-layout-flow wp-block-column-is-layout-flow\" style=\"flex-basis:55%\"><div class=\"wp-block-jetpack-subscriptions__supports-newline wp-block-jetpack-subscriptions\">\n\t\t<div>\n\t\t\t<div>\n\t\t\t\t<div>\n\t\t\t\t\t<p >\n\t\t\t\t\t\t<a href=\"https:\/\/clewisinsurance.com\/es\/?post_type=page&#038;p=5\" style=\"font-size: 16px;padding: 16px 24px 16px 24px;margin: 0; margin-left: 10px;border-color: primary;border-radius: 2px;border-width: 1px; background-color: #086ed4; color: #FFFFFF; text-decoration: none; white-space: nowrap; margin-left: 0\">Subscribe<\/a>\n\t\t\t\t\t<\/p>\n\t\t\t\t<\/div>\n\t\t\t<\/div>\n\t\t<\/div>\n\t<\/div><\/div>\n<\/div>\n<\/div>\n\n\n\n<div class=\"wp-block-group alignfull is-layout-flow wp-block-group-is-layout-flow\">\n<div class=\"wp-block-group alignfull is-layout-flow wp-block-group-is-layout-flow\">\n<div class=\"wp-block-jetpack-layout-grid alignfull column1-desktop-grid__span-2 column1-desktop-grid__start-2 column1-desktop-grid__row-1 column2-desktop-grid__span-3 column2-desktop-grid__start-4 column2-desktop-grid__row-1 column3-desktop-grid__span-3 column3-desktop-grid__start-7 column3-desktop-grid__row-1 column4-desktop-grid__span-3 column4-desktop-grid__start-10 column4-desktop-grid__row-1 column1-tablet-grid__span-4 column1-tablet-grid__row-1 column2-tablet-grid__span-4 column2-tablet-grid__start-5 column2-tablet-grid__row-1 column3-tablet-grid__span-4 column3-tablet-grid__row-2 column4-tablet-grid__span-4 column4-tablet-grid__start-5 column4-tablet-grid__row-2 column1-mobile-grid__span-4 column1-mobile-grid__row-1 column2-mobile-grid__span-4 column2-mobile-grid__row-2 column3-mobile-grid__span-4 column3-mobile-grid__row-3 column4-mobile-grid__span-4 column4-mobile-grid__row-4\">\n<div class=\"wp-block-jetpack-layout-grid-column wp-block-jetpack-layout-grid__padding-none\">\n<h1 class=\"wp-block-heading has-text-align-left\">Cont\u00e1ctanos<\/h1>\n<\/div>\n\n\n\n<div class=\"wp-block-jetpack-layout-grid-column wp-block-jetpack-layout-grid__padding-none\">\n<div class=\"wp-block-jetpack-contact-info\">\n<h3 class=\"wp-block-heading\">Oficina de Winchester<\/h3>\n\n\n\n<div class=\"wp-block-jetpack-address\"><div class=\"jetpack-address__address jetpack-address__address1\">1000 Valley Avenue<\/div><div class=\"jetpack-address__address jetpack-address__address2\">Suite 3<\/div><div><span class=\"jetpack-address__city\">Winchester<\/span>, <span class=\"jetpack-address__region\">VA<\/span> <span class=\"jetpack-address__postal\">22601<\/span><\/div><div class=\"jetpack-address__country\">USA<\/div><\/div>\n\n\n\n<div class=\"wp-block-jetpack-phone\"><a href=\"tel:5403139100\">540.313.9100<\/a><\/div>\n<\/div>\n<\/div>\n\n\n\n<div class=\"wp-block-jetpack-layout-grid-column wp-block-jetpack-layout-grid__padding-none\">\n<figure class=\"wp-block-image size-full\"><img data-recalc-dims=\"1\" loading=\"lazy\" decoding=\"async\" width=\"1080\" height=\"486\" data-attachment-id=\"7336\" data-permalink=\"https:\/\/clewisinsurance.com\/es\/home\/lewis-ins-agency-logo-transparent\/\" data-orig-file=\"https:\/\/i0.wp.com\/clewisinsurance.com\/wp-content\/uploads\/2026\/02\/LEWIS-INS-AGENCY-LOGO-transparent.png?fit=1080%2C486&amp;ssl=1\" data-orig-size=\"1080,486\" data-comments-opened=\"1\" data-image-meta=\"{&quot;aperture&quot;:&quot;0&quot;,&quot;credit&quot;:&quot;&quot;,&quot;camera&quot;:&quot;&quot;,&quot;caption&quot;:&quot;&quot;,&quot;created_timestamp&quot;:&quot;0&quot;,&quot;copyright&quot;:&quot;&quot;,&quot;focal_length&quot;:&quot;0&quot;,&quot;iso&quot;:&quot;0&quot;,&quot;shutter_speed&quot;:&quot;0&quot;,&quot;title&quot;:&quot;&quot;,&quot;orientation&quot;:&quot;0&quot;}\" data-image-title=\"LEWIS INS AGENCY &amp;#8211; LOGO &amp;#8211; transparent\" data-image-description=\"\" data-image-caption=\"\" data-medium-file=\"https:\/\/i0.wp.com\/clewisinsurance.com\/wp-content\/uploads\/2026\/02\/LEWIS-INS-AGENCY-LOGO-transparent.png?fit=300%2C135&amp;ssl=1\" data-large-file=\"https:\/\/i0.wp.com\/clewisinsurance.com\/wp-content\/uploads\/2026\/02\/LEWIS-INS-AGENCY-LOGO-transparent.png?fit=1024%2C461&amp;ssl=1\" src=\"https:\/\/i0.wp.com\/clewisinsurance.com\/wp-content\/uploads\/2026\/02\/LEWIS-INS-AGENCY-LOGO-transparent.png?resize=1080%2C486&#038;ssl=1\" alt=\"\" class=\"wp-image-7336\" srcset=\"https:\/\/i0.wp.com\/clewisinsurance.com\/wp-content\/uploads\/2026\/02\/LEWIS-INS-AGENCY-LOGO-transparent.png?w=1080&amp;ssl=1 1080w, https:\/\/i0.wp.com\/clewisinsurance.com\/wp-content\/uploads\/2026\/02\/LEWIS-INS-AGENCY-LOGO-transparent.png?resize=300%2C135&amp;ssl=1 300w, https:\/\/i0.wp.com\/clewisinsurance.com\/wp-content\/uploads\/2026\/02\/LEWIS-INS-AGENCY-LOGO-transparent.png?resize=1024%2C461&amp;ssl=1 1024w, https:\/\/i0.wp.com\/clewisinsurance.com\/wp-content\/uploads\/2026\/02\/LEWIS-INS-AGENCY-LOGO-transparent.png?resize=768%2C346&amp;ssl=1 768w, https:\/\/i0.wp.com\/clewisinsurance.com\/wp-content\/uploads\/2026\/02\/LEWIS-INS-AGENCY-LOGO-transparent.png?resize=18%2C8&amp;ssl=1 18w\" sizes=\"auto, (max-width: 1000px) 100vw, 1000px\" \/><\/figure>\n<\/div>\n\n\n\n<div class=\"wp-block-jetpack-layout-grid-column wp-block-jetpack-layout-grid__padding-none\">\n<ul class=\"wp-block-social-links is-layout-flex wp-block-social-links-is-layout-flex\"><li class=\"wp-social-link wp-social-link-facebook  wp-block-social-link\"><a href=\"https:\/\/www.facebook.com\/chadlewisinsurance\/\" class=\"wp-block-social-link-anchor\"><svg width=\"24\" height=\"24\" viewbox=\"0 0 24 24\" version=\"1.1\" xmlns=\"http:\/\/www.w3.org\/2000\/svg\" aria-hidden=\"true\" focusable=\"false\"><path d=\"M12 2C6.5 2 2 6.5 2 12c0 5 3.7 9.1 8.4 9.9v-7H7.9V12h2.5V9.8c0-2.5 1.5-3.9 3.8-3.9 1.1 0 2.2.2 2.2.2v2.5h-1.3c-1.2 0-1.6.8-1.6 1.6V12h2.8l-.4 2.9h-2.3v7C18.3 21.1 22 17 22 12c0-5.5-4.5-10-10-10z\"><\/path><\/svg><span class=\"wp-block-social-link-label screen-reader-text\">Facebook<\/span><\/a><\/li>\n\n<li class=\"wp-social-link wp-social-link-twitter  wp-block-social-link\"><a href=\"https:\/\/twitter.com\/clewisinsurance?lang=en\" class=\"wp-block-social-link-anchor\"><svg width=\"24\" height=\"24\" viewbox=\"0 0 24 24\" version=\"1.1\" xmlns=\"http:\/\/www.w3.org\/2000\/svg\" aria-hidden=\"true\" focusable=\"false\"><path d=\"M22.23,5.924c-0.736,0.326-1.527,0.547-2.357,0.646c0.847-0.508,1.498-1.312,1.804-2.27 c-0.793,0.47-1.671,0.812-2.606,0.996C18.324,4.498,17.257,4,16.077,4c-2.266,0-4.103,1.837-4.103,4.103 c0,0.322,0.036,0.635,0.106,0.935C8.67,8.867,5.647,7.234,3.623,4.751C3.27,5.357,3.067,6.062,3.067,6.814 c0,1.424,0.724,2.679,1.825,3.415c-0.673-0.021-1.305-0.206-1.859-0.513c0,0.017,0,0.034,0,0.052c0,1.988,1.414,3.647,3.292,4.023 c-0.344,0.094-0.707,0.144-1.081,0.144c-0.264,0-0.521-0.026-0.772-0.074c0.522,1.63,2.038,2.816,3.833,2.85 c-1.404,1.1-3.174,1.756-5.096,1.756c-0.331,0-0.658-0.019-0.979-0.057c1.816,1.164,3.973,1.843,6.29,1.843 c7.547,0,11.675-6.252,11.675-11.675c0-0.178-0.004-0.355-0.012-0.531C20.985,7.47,21.68,6.747,22.23,5.924z\"><\/path><\/svg><span class=\"wp-block-social-link-label screen-reader-text\">Twitter<\/span><\/a><\/li>\n\n<li class=\"wp-social-link wp-social-link-linkedin  wp-block-social-link\"><a href=\"https:\/\/www.linkedin.com\/company\/chad-m-lewis-insurance-agency\/\" class=\"wp-block-social-link-anchor\"><svg width=\"24\" height=\"24\" viewbox=\"0 0 24 24\" version=\"1.1\" xmlns=\"http:\/\/www.w3.org\/2000\/svg\" aria-hidden=\"true\" focusable=\"false\"><path d=\"M19.7,3H4.3C3.582,3,3,3.582,3,4.3v15.4C3,20.418,3.582,21,4.3,21h15.4c0.718,0,1.3-0.582,1.3-1.3V4.3 C21,3.582,20.418,3,19.7,3z M8.339,18.338H5.667v-8.59h2.672V18.338z M7.004,8.574c-0.857,0-1.549-0.694-1.549-1.548 c0-0.855,0.691-1.548,1.549-1.548c0.854,0,1.547,0.694,1.547,1.548C8.551,7.881,7.858,8.574,7.004,8.574z M18.339,18.338h-2.669 v-4.177c0-0.996-0.017-2.278-1.387-2.278c-1.389,0-1.601,1.086-1.601,2.206v4.249h-2.667v-8.59h2.559v1.174h0.037 c0.356-0.675,1.227-1.387,2.526-1.387c2.703,0,3.203,1.779,3.203,4.092V18.338z\"><\/path><\/svg><span class=\"wp-block-social-link-label screen-reader-text\">LinkedIn<\/span><\/a><\/li><\/ul>\n<\/div>\n<\/div>\n<\/div>\n\n\n\n<div style=\"height:64px\" aria-hidden=\"true\" class=\"wp-block-spacer\"><\/div>\n<\/div>\n\n\n\n<p><\/p>","protected":false},"excerpt":{"rendered":"<p>Save with the Lewis Insurance Agency today! No matter if it&#8217;s needed for personal or business reasons, an insurance policy provides an essential role for everyone involved. For residents in multiple states, Chad M. Lewis Insurance Agency offers a full array of [&hellip;]<\/p>\n","protected":false},"author":208202963,"featured_media":0,"parent":0,"menu_order":1,"comment_status":"closed","ping_status":"closed","template":"","meta":{"_coblocks_attr":"","_coblocks_dimensions":"","_coblocks_responsive_height":"","_coblocks_accordion_ie_support":"","advanced_seo_description":"","jetpack_seo_html_title":"","jetpack_seo_noindex":false,"jetpack_post_was_ever_published":false,"footnotes":""},"class_list":["post-5","page","type-page","status-publish","hentry"],"jetpack_likes_enabled":null,"jetpack_sharing_enabled":false,"jetpack_shortlink":"https:\/\/wp.me\/PdboXQ-5","amp_enabled":false,"_links":{"self":[{"href":"https:\/\/clewisinsurance.com\/es\/wp-json\/wp\/v2\/pages\/5","targetHints":{"allow":["GET"]}}],"collection":[{"href":"https:\/\/clewisinsurance.com\/es\/wp-json\/wp\/v2\/pages"}],"about":[{"href":"https:\/\/clewisinsurance.com\/es\/wp-json\/wp\/v2\/types\/page"}],"author":[{"embeddable":true,"href":"https:\/\/clewisinsurance.com\/es\/wp-json\/wp\/v2\/users\/208202963"}],"replies":[{"embeddable":true,"href":"https:\/\/clewisinsurance.com\/es\/wp-json\/wp\/v2\/comments?post=5"}],"version-history":[{"count":48,"href":"https:\/\/clewisinsurance.com\/es\/wp-json\/wp\/v2\/pages\/5\/revisions"}],"predecessor-version":[{"id":7342,"href":"https:\/\/clewisinsurance.com\/es\/wp-json\/wp\/v2\/pages\/5\/revisions\/7342"}],"wp:attachment":[{"href":"https:\/\/clewisinsurance.com\/es\/wp-json\/wp\/v2\/media?parent=5"}],"curies":[{"name":"wp","href":"https:\/\/api.w.org\/{rel}","templated":true}]}}