{"id":376,"date":"2021-07-06T21:04:59","date_gmt":"2021-07-07T01:04:59","guid":{"rendered":"https:\/\/clewisinsurance.com\/?page_id=376"},"modified":"2025-08-22T12:24:22","modified_gmt":"2025-08-22T16:24:22","slug":"rv-insurance","status":"publish","type":"page","link":"https:\/\/clewisinsurance.com\/es\/our-services\/rv-insurance\/","title":{"rendered":"Seguro de RV"},"content":{"rendered":"<div class=\"wp-block-group alignfull has-background-background-color has-background is-layout-flow wp-block-group-is-layout-flow\">\n<div class=\"wp-block-jetpack-layout-grid alignfull column1-desktop-grid__span-3 column1-desktop-grid__start-2 column1-desktop-grid__row-1 column2-desktop-grid__span-6 column2-desktop-grid__start-6 column2-desktop-grid__row-1 column1-tablet-grid__span-3 column1-tablet-grid__row-1 column2-tablet-grid__span-5 column2-tablet-grid__start-4 column2-tablet-grid__row-1 column1-mobile-grid__span-4 column1-mobile-grid__row-1 column2-mobile-grid__span-4 column2-mobile-grid__row-2\">\n<div class=\"wp-block-jetpack-layout-grid-column wp-block-jetpack-layout-grid__padding-none\">\n<figure class=\"wp-block-image size-large\"><img data-recalc-dims=\"1\" loading=\"lazy\" decoding=\"async\" width=\"525\" height=\"900\" data-attachment-id=\"180\" data-permalink=\"https:\/\/clewisinsurance.com\/es\/7-1\/\" data-orig-file=\"https:\/\/i0.wp.com\/clewisinsurance.com\/wp-content\/uploads\/2021\/07\/7-1.png?fit=525%2C900&amp;ssl=1\" data-orig-size=\"525,900\" data-comments-opened=\"1\" data-image-meta=\"{&quot;aperture&quot;:&quot;0&quot;,&quot;credit&quot;:&quot;&quot;,&quot;camera&quot;:&quot;&quot;,&quot;caption&quot;:&quot;&quot;,&quot;created_timestamp&quot;:&quot;0&quot;,&quot;copyright&quot;:&quot;&quot;,&quot;focal_length&quot;:&quot;0&quot;,&quot;iso&quot;:&quot;0&quot;,&quot;shutter_speed&quot;:&quot;0&quot;,&quot;title&quot;:&quot;&quot;,&quot;orientation&quot;:&quot;0&quot;}\" data-image-title=\"7-1\" data-image-description=\"\" data-image-caption=\"\" data-medium-file=\"https:\/\/i0.wp.com\/clewisinsurance.com\/wp-content\/uploads\/2021\/07\/7-1.png?fit=175%2C300&amp;ssl=1\" data-large-file=\"https:\/\/i0.wp.com\/clewisinsurance.com\/wp-content\/uploads\/2021\/07\/7-1.png?fit=525%2C900&amp;ssl=1\" src=\"https:\/\/i0.wp.com\/clewisinsurance.com\/wp-content\/uploads\/2021\/07\/7-1.png?resize=525%2C900&#038;ssl=1\" alt=\"\" class=\"wp-image-180\"\/><\/figure>\n\n\n\n<h6 class=\"wp-block-heading\"><strong>Contacta con nosotros hoy<\/strong>.<\/h6>\n\n\n\n<p>Si est\u00e1 buscando seguros para veh\u00edculos recreativos y necesita una cotizaci\u00f3n, comun\u00edquese hoy mismo con nuestra oficina en Chad M. Lewis Insurance Agency. Estaremos encantados de responder a sus preguntas.<\/p>\n\n\n\n<p style=\"font-size:clamp(14px, 0.875rem + ((1vw - 3.2px) * 0.147), 15px);\"><strong><em><strong><em><strong><em>Nuestra oficina est\u00e1 ubicada en Virginia, tenemos licencia en varios estados: Virginia, West Virginia, Maryland, Pensilvania, Carolina del Norte, South Dakota, Montana, Carolina del Sur y Tennessee<\/em><\/strong>.<\/em><\/strong><\/em><\/strong><\/p>\n<\/div>\n\n\n\n<div class=\"wp-block-jetpack-layout-grid-column wp-block-jetpack-layout-grid__padding-none\">\n<h2 class=\"wp-block-heading\">Todo sobre seguros para <strong>RV<\/strong>.<\/h2>\n\n\n\n<p>Los propietarios de RV tienen muchas opciones de cobertura y campamentos en varios estados para disfrutar donde pueden disfrutar de hermosos retiros. Sin embargo, es vital mantener un seguro de RV para que usted y sus objetos de valor est\u00e9n protegidos. Aqu\u00ed, en Chad M. Lewis Insurance Agency, nos aseguramos de que nuestros clientes est\u00e9n satisfechos con la protecci\u00f3n que reciben de nosotros. No podemos enfatizar lo suficiente la importancia de tener un seguro de RV.<\/p>\n\n\n\n<h4 class=\"wp-block-heading\"><strong>Leyes relativas al seguro de veh\u00edculos recreativos.<\/strong><\/h4>\n\n\n\n<p>Si planea conducir su RV, es posible que desee considerar la compra de un seguro para veh\u00edculos recreativos, aunque puede que no sea obligatorio en su estado. Sin embargo, debe asegurarse de que est\u00e9 registrado a su nombre. A veces, las personas conf\u00edan en su seguro de autom\u00f3vil para cubrir sus veh\u00edculos recreativos, y aunque esto puede parecer una gran idea, debe tener en cuenta que los da\u00f1os a su veh\u00edculo recreativo generalmente no estar\u00e1n cubiertos. Por eso es crucial obtener una p\u00f3liza de RV por separado.<\/p>\n\n\n\n<h4 class=\"wp-block-heading\"><strong>Opciones de Cobertura<\/strong><\/h4>\n\n\n\n<p>Esta p\u00f3liza de seguro de vida se diferencia del seguro a t\u00e9rmino porque el asegurado Cuando se cotizan las p\u00f3lizas, hay muchos factores a considerar. Nuestro equipo en Chad M. Lewis Insurance Agency trabaja para localizar. <\/p>\n\n\n\n<p>Si est\u00e1 comprando un seguro para RV por primera vez, hay algunas cosas que debe tener en cuenta antes de seleccionar una p\u00f3liza. Debe tener en cuenta la cantidad de millas que planea conducir su RV cada a\u00f1o, as\u00ed como el tipo de RV que posee.<\/p>\n\n\n\n<p>Puede esperar elegir entre cualquiera de los siguientes tipos de cobertura para su RV:<\/p>\n\n\n\n<ul class=\"wp-block-list\">\n<li>Cobertura de integral<\/li>\n\n\n\n<li>Cobertura de responsabilidad vehicular<\/li>\n\n\n\n<li>Integral<\/li>\n\n\n\n<li>Cobertura de contenidos<\/li>\n\n\n\n<li>Cobertura de responsabilidad del camping<\/li>\n\n\n\n<li>Cobertura de responsabilidad a tiempo completo<\/li>\n<\/ul>\n\n\n\n<p>Adem\u00e1s, tenga en cuenta que los veh\u00edculos recreativos Clase A, los veh\u00edculos recreativos Clase B y los RV Clase C tienen pesos diferentes, pero los tres pueden estar asegurados.<\/p>\n<\/div>\n<\/div>\n<\/div>\n\n\n\n<div class=\"wp-block-group alignfull has-background-light-background-color has-background is-layout-flow wp-block-group-is-layout-flow\">\n<div style=\"height:64px\" aria-hidden=\"true\" class=\"wp-block-spacer\"><\/div>\n\n\n\n<div class=\"wp-block-jetpack-layout-grid alignfull column1-desktop-grid__span-8 column1-desktop-grid__start-3 column1-desktop-grid__row-1 column1-tablet-grid__span-8 column1-tablet-grid__row-1 column1-mobile-grid__span-4 column1-mobile-grid__row-1\">\n<div class=\"wp-block-jetpack-layout-grid-column wp-block-jetpack-layout-grid__padding-none\">\n<hr class=\"wp-block-separator has-css-opacity\"\/>\n\n\n\n<p class=\"has-text-align-center\" style=\"font-size:clamp(17.905px, 1.119rem + ((1vw - 3.2px) * 1.485), 28px);px\"><em>They are amazing and so polite to anyone who needs insurance! I am thankful to be apart of these wonderful people and may God bless everyone at Nationwide.<\/em><\/p>\n\n\n\n<p class=\"has-text-align-center\"><a href=\"https:\/\/www.google.com\/maps\/contrib\/104849462182502514685?hl=en-US&amp;sa=X&amp;ved=2ahUKEwiDg9KZwc7xAhWQFVkFHeGfABEQvvQBegQIARAZ\">Maritza Colon<\/a><\/p>\n\n\n\n<hr class=\"wp-block-separator has-css-opacity\"\/>\n<\/div>\n<\/div>\n<\/div>\n\n\n\n<div class=\"wp-block-cover alignfull is-light\"><img data-recalc-dims=\"1\" loading=\"lazy\" decoding=\"async\" width=\"975\" height=\"1300\" data-attachment-id=\"388\" data-permalink=\"https:\/\/clewisinsurance.com\/es\/our-services\/rv-insurance\/pexels-photo-3560366\/\" data-orig-file=\"https:\/\/i0.wp.com\/clewisinsurance.com\/wp-content\/uploads\/2021\/07\/pexels-photo-3560366.jpeg?fit=975%2C1300&amp;ssl=1\" data-orig-size=\"975,1300\" data-comments-opened=\"1\" data-image-meta=\"{&quot;aperture&quot;:&quot;0&quot;,&quot;credit&quot;:&quot;&quot;,&quot;camera&quot;:&quot;&quot;,&quot;caption&quot;:&quot;Photo by Matt Hardy on &lt;a href=\\&quot;https:\/\/www.pexels.com\/photo\/parked-white-motorhome-3560366\/\\&quot; rel=\\&quot;nofollow\\&quot;&gt;Pexels.com&lt;\/a&gt;&quot;,&quot;created_timestamp&quot;:&quot;0&quot;,&quot;copyright&quot;:&quot;&quot;,&quot;focal_length&quot;:&quot;0&quot;,&quot;iso&quot;:&quot;0&quot;,&quot;shutter_speed&quot;:&quot;0&quot;,&quot;title&quot;:&quot;parked white motorhome&quot;,&quot;orientation&quot;:&quot;0&quot;}\" data-image-title=\"pexels-photo-3560366\" data-image-description=\"\" data-image-caption=\"&lt;p&gt;Photo by Matt Hardy on &lt;a href=&quot;https:\/\/www.pexels.com\/photo\/parked-white-motorhome-3560366\/&quot; rel=&quot;nofollow&quot;&gt;Pexels.com&lt;\/a&gt;&lt;\/p&gt;\" data-medium-file=\"https:\/\/i0.wp.com\/clewisinsurance.com\/wp-content\/uploads\/2021\/07\/pexels-photo-3560366.jpeg?fit=225%2C300&amp;ssl=1\" data-large-file=\"https:\/\/i0.wp.com\/clewisinsurance.com\/wp-content\/uploads\/2021\/07\/pexels-photo-3560366.jpeg?fit=768%2C1024&amp;ssl=1\" class=\"wp-block-cover__image-background wp-image-388\" alt=\"\" src=\"https:\/\/i0.wp.com\/clewisinsurance.com\/wp-content\/uploads\/2021\/07\/pexels-photo-3560366.jpeg?resize=975%2C1300&#038;ssl=1\" style=\"object-position:51% 84%\" data-object-fit=\"cover\" data-object-position=\"51% 84%\" srcset=\"https:\/\/i0.wp.com\/clewisinsurance.com\/wp-content\/uploads\/2021\/07\/pexels-photo-3560366.jpeg?w=975&amp;ssl=1 975w, https:\/\/i0.wp.com\/clewisinsurance.com\/wp-content\/uploads\/2021\/07\/pexels-photo-3560366.jpeg?resize=225%2C300&amp;ssl=1 225w, https:\/\/i0.wp.com\/clewisinsurance.com\/wp-content\/uploads\/2021\/07\/pexels-photo-3560366.jpeg?resize=768%2C1024&amp;ssl=1 768w, https:\/\/i0.wp.com\/clewisinsurance.com\/wp-content\/uploads\/2021\/07\/pexels-photo-3560366.jpeg?resize=900%2C1200&amp;ssl=1 900w, https:\/\/i0.wp.com\/clewisinsurance.com\/wp-content\/uploads\/2021\/07\/pexels-photo-3560366.jpeg?resize=600%2C800&amp;ssl=1 600w, https:\/\/i0.wp.com\/clewisinsurance.com\/wp-content\/uploads\/2021\/07\/pexels-photo-3560366.jpeg?resize=300%2C400&amp;ssl=1 300w, https:\/\/i0.wp.com\/clewisinsurance.com\/wp-content\/uploads\/2021\/07\/pexels-photo-3560366.jpeg?resize=150%2C200&amp;ssl=1 150w\" sizes=\"auto, (max-width: 975px) 100vw, 975px\" \/><span aria-hidden=\"true\" class=\"wp-block-cover__background has-background-dim-30 has-background-dim\"><\/span><div class=\"wp-block-cover__inner-container is-layout-flow wp-block-cover-is-layout-flow\">\n<div class=\"wp-block-jetpack-layout-grid alignfull column1-desktop-grid__span-8 column1-desktop-grid__start-3 column1-desktop-grid__row-1 column1-tablet-grid__span-8 column1-tablet-grid__row-1 column1-mobile-grid__span-4 column1-mobile-grid__row-1\">\n<div class=\"wp-block-jetpack-layout-grid-column wp-block-jetpack-layout-grid__padding-none\">\n<h2 class=\"wp-block-heading has-text-align-center\">Obtenga su cotizaci\u00f3n de seguro de RV gratis hoy.<\/h2>\n\n\n\n<div class=\"wp-block-buttons is-horizontal is-content-justification-center is-layout-flex wp-container-core-buttons-is-layout-03627597 wp-block-buttons-is-layout-flex\">\n<div class=\"wp-block-button is-style-outline aligncenter is-style-outline--1\"><a class=\"wp-block-button__link has-background-color has-text-color wp-element-button\" href=\"https:\/\/clewisinsurance.com\/es\/get-a-quote-2\/\" rel=\"#\">\u00a1Haga clic aqu\u00ed!<\/a><\/div>\n<\/div>\n<\/div>\n<\/div>\n<\/div><\/div>\n\n\n\n<div style=\"height:100px\" aria-hidden=\"true\" class=\"wp-block-spacer\"><\/div>\n\n\n\n<div class=\"wp-block-group alignfull is-layout-flow wp-block-group-is-layout-flow\">\n<div class=\"wp-block-group alignfull is-layout-flow wp-block-group-is-layout-flow\">\n<div class=\"wp-block-jetpack-layout-grid alignfull column1-desktop-grid__span-2 column1-desktop-grid__start-2 column1-desktop-grid__row-1 column2-desktop-grid__span-3 column2-desktop-grid__start-4 column2-desktop-grid__row-1 column3-desktop-grid__span-3 column3-desktop-grid__start-7 column3-desktop-grid__row-1 column4-desktop-grid__span-3 column4-desktop-grid__start-10 column4-desktop-grid__row-1 column1-tablet-grid__span-4 column1-tablet-grid__row-1 column2-tablet-grid__span-4 column2-tablet-grid__start-5 column2-tablet-grid__row-1 column3-tablet-grid__span-4 column3-tablet-grid__row-2 column4-tablet-grid__span-4 column4-tablet-grid__start-5 column4-tablet-grid__row-2 column1-mobile-grid__span-4 column1-mobile-grid__row-1 column2-mobile-grid__span-4 column2-mobile-grid__row-2 column3-mobile-grid__span-4 column3-mobile-grid__row-3 column4-mobile-grid__span-4 column4-mobile-grid__row-4\">\n<div class=\"wp-block-jetpack-layout-grid-column wp-block-jetpack-layout-grid__padding-none\">\n<h1 class=\"wp-block-heading has-text-align-left\">Cont\u00e1ctanos<\/h1>\n<\/div>\n\n\n\n<div class=\"wp-block-jetpack-layout-grid-column wp-block-jetpack-layout-grid__padding-none\">\n<div class=\"wp-block-jetpack-contact-info\">\n<h3 class=\"wp-block-heading\">Oficina de Winchester<\/h3>\n\n\n\n<div class=\"wp-block-jetpack-address\"><div class=\"jetpack-address__address jetpack-address__address1\">1000 Valley Avenue<\/div><div class=\"jetpack-address__address jetpack-address__address2\">Suite 3<\/div><div><span class=\"jetpack-address__city\">Winchester<\/span>, <span class=\"jetpack-address__region\">VA<\/span> <span class=\"jetpack-address__postal\">22601<\/span><\/div><div class=\"jetpack-address__country\">USA<\/div><\/div>\n\n\n\n<div class=\"wp-block-jetpack-phone\"><a href=\"tel:5403139100\">540.313.9100<\/a><\/div>\n<\/div>\n\n\n\n<div class=\"wp-block-jetpack-contact-info\"><\/div>\n<\/div>\n\n\n\n<div class=\"wp-block-jetpack-layout-grid-column wp-block-jetpack-layout-grid__padding-none\">\n<div class=\"wp-block-jetpack-contact-info\"><\/div>\n<\/div>\n\n\n\n<div class=\"wp-block-jetpack-layout-grid-column wp-block-jetpack-layout-grid__padding-none\">\n<ul class=\"wp-block-social-links is-layout-flex wp-block-social-links-is-layout-flex\"><li class=\"wp-social-link wp-social-link-facebook  wp-block-social-link\"><a href=\"https:\/\/www.facebook.com\/chadlewisinsurance\/\" class=\"wp-block-social-link-anchor\"><svg width=\"24\" height=\"24\" viewbox=\"0 0 24 24\" version=\"1.1\" xmlns=\"http:\/\/www.w3.org\/2000\/svg\" aria-hidden=\"true\" focusable=\"false\"><path d=\"M12 2C6.5 2 2 6.5 2 12c0 5 3.7 9.1 8.4 9.9v-7H7.9V12h2.5V9.8c0-2.5 1.5-3.9 3.8-3.9 1.1 0 2.2.2 2.2.2v2.5h-1.3c-1.2 0-1.6.8-1.6 1.6V12h2.8l-.4 2.9h-2.3v7C18.3 21.1 22 17 22 12c0-5.5-4.5-10-10-10z\"><\/path><\/svg><span class=\"wp-block-social-link-label screen-reader-text\">Facebook<\/span><\/a><\/li>\n\n<li class=\"wp-social-link wp-social-link-twitter  wp-block-social-link\"><a href=\"https:\/\/twitter.com\/clewisinsurance?lang=en\" class=\"wp-block-social-link-anchor\"><svg width=\"24\" height=\"24\" viewbox=\"0 0 24 24\" version=\"1.1\" xmlns=\"http:\/\/www.w3.org\/2000\/svg\" aria-hidden=\"true\" focusable=\"false\"><path d=\"M22.23,5.924c-0.736,0.326-1.527,0.547-2.357,0.646c0.847-0.508,1.498-1.312,1.804-2.27 c-0.793,0.47-1.671,0.812-2.606,0.996C18.324,4.498,17.257,4,16.077,4c-2.266,0-4.103,1.837-4.103,4.103 c0,0.322,0.036,0.635,0.106,0.935C8.67,8.867,5.647,7.234,3.623,4.751C3.27,5.357,3.067,6.062,3.067,6.814 c0,1.424,0.724,2.679,1.825,3.415c-0.673-0.021-1.305-0.206-1.859-0.513c0,0.017,0,0.034,0,0.052c0,1.988,1.414,3.647,3.292,4.023 c-0.344,0.094-0.707,0.144-1.081,0.144c-0.264,0-0.521-0.026-0.772-0.074c0.522,1.63,2.038,2.816,3.833,2.85 c-1.404,1.1-3.174,1.756-5.096,1.756c-0.331,0-0.658-0.019-0.979-0.057c1.816,1.164,3.973,1.843,6.29,1.843 c7.547,0,11.675-6.252,11.675-11.675c0-0.178-0.004-0.355-0.012-0.531C20.985,7.47,21.68,6.747,22.23,5.924z\"><\/path><\/svg><span class=\"wp-block-social-link-label screen-reader-text\">Twitter<\/span><\/a><\/li>\n\n<li class=\"wp-social-link wp-social-link-linkedin  wp-block-social-link\"><a href=\"https:\/\/www.linkedin.com\/company\/chad-m-lewis-insurance-agency\/\" class=\"wp-block-social-link-anchor\"><svg width=\"24\" height=\"24\" viewbox=\"0 0 24 24\" version=\"1.1\" xmlns=\"http:\/\/www.w3.org\/2000\/svg\" aria-hidden=\"true\" focusable=\"false\"><path d=\"M19.7,3H4.3C3.582,3,3,3.582,3,4.3v15.4C3,20.418,3.582,21,4.3,21h15.4c0.718,0,1.3-0.582,1.3-1.3V4.3 C21,3.582,20.418,3,19.7,3z M8.339,18.338H5.667v-8.59h2.672V18.338z M7.004,8.574c-0.857,0-1.549-0.694-1.549-1.548 c0-0.855,0.691-1.548,1.549-1.548c0.854,0,1.547,0.694,1.547,1.548C8.551,7.881,7.858,8.574,7.004,8.574z M18.339,18.338h-2.669 v-4.177c0-0.996-0.017-2.278-1.387-2.278c-1.389,0-1.601,1.086-1.601,2.206v4.249h-2.667v-8.59h2.559v1.174h0.037 c0.356-0.675,1.227-1.387,2.526-1.387c2.703,0,3.203,1.779,3.203,4.092V18.338z\"><\/path><\/svg><span class=\"wp-block-social-link-label screen-reader-text\">LinkedIn<\/span><\/a><\/li><\/ul>\n<\/div>\n<\/div>\n<\/div>\n\n\n\n<div style=\"height:64px\" aria-hidden=\"true\" class=\"wp-block-spacer\"><\/div>\n<\/div>","protected":false},"excerpt":{"rendered":"<p>Contact Us Today. If you are in the market for RV insurance and need a quote, contact our office at Chad M. Lewis Insurance Agency today. We will be happy to answer your questions. While our office is located in Virginia, we [&hellip;]<\/p>\n","protected":false},"author":208202963,"featured_media":0,"parent":151,"menu_order":3,"comment_status":"closed","ping_status":"closed","template":"","meta":{"_coblocks_attr":"","_coblocks_dimensions":"","_coblocks_responsive_height":"","_coblocks_accordion_ie_support":"","advanced_seo_description":"","jetpack_seo_html_title":"","jetpack_seo_noindex":false,"jetpack_post_was_ever_published":false,"footnotes":""},"class_list":["post-376","page","type-page","status-publish","hentry"],"jetpack_likes_enabled":true,"jetpack_sharing_enabled":true,"jetpack_shortlink":"https:\/\/wp.me\/PdboXQ-64","amp_enabled":true,"_links":{"self":[{"href":"https:\/\/clewisinsurance.com\/es\/wp-json\/wp\/v2\/pages\/376","targetHints":{"allow":["GET"]}}],"collection":[{"href":"https:\/\/clewisinsurance.com\/es\/wp-json\/wp\/v2\/pages"}],"about":[{"href":"https:\/\/clewisinsurance.com\/es\/wp-json\/wp\/v2\/types\/page"}],"author":[{"embeddable":true,"href":"https:\/\/clewisinsurance.com\/es\/wp-json\/wp\/v2\/users\/208202963"}],"replies":[{"embeddable":true,"href":"https:\/\/clewisinsurance.com\/es\/wp-json\/wp\/v2\/comments?post=376"}],"version-history":[{"count":7,"href":"https:\/\/clewisinsurance.com\/es\/wp-json\/wp\/v2\/pages\/376\/revisions"}],"predecessor-version":[{"id":6320,"href":"https:\/\/clewisinsurance.com\/es\/wp-json\/wp\/v2\/pages\/376\/revisions\/6320"}],"up":[{"embeddable":true,"href":"https:\/\/clewisinsurance.com\/es\/wp-json\/wp\/v2\/pages\/151"}],"wp:attachment":[{"href":"https:\/\/clewisinsurance.com\/es\/wp-json\/wp\/v2\/media?parent=376"}],"curies":[{"name":"wp","href":"https:\/\/api.w.org\/{rel}","templated":true}]}}