{"id":252,"date":"2021-07-06T13:19:42","date_gmt":"2021-07-06T17:19:42","guid":{"rendered":"https:\/\/clewisinsurance.com\/?page_id=252"},"modified":"2025-08-22T12:27:45","modified_gmt":"2025-08-22T16:27:45","slug":"our-insurance-carriers","status":"publish","type":"page","link":"https:\/\/clewisinsurance.com\/es\/our-insurance-carriers\/","title":{"rendered":"Empresa de Seguros"},"content":{"rendered":"<div class=\"wp-block-columns alignwide is-layout-flex wp-container-core-columns-is-layout-28f84493 wp-block-columns-is-layout-flex\">\n<div class=\"wp-block-column is-layout-flow wp-block-column-is-layout-flow\" style=\"flex-basis:33.33%\">\n<h2 class=\"wp-block-heading has-xl-font-size\" style=\"line-height:1.2\">Empresa de Seguros<\/h2>\n\n\n\n<p class=\"has-small-font-size\">En Chad M. Lewis Insurance Agency, ofrecemos una amplia variedad de compa\u00f1\u00edas de seguros para satisfacer las necesidades de cada cliente. P\u00f3ngase en contacto con nuestro equipo de expertos de seguros. Hoy, mismo haga clic en el enlace a continuaci\u00f3n para obtener una cotizaci\u00f3n gratuita. <\/p>\n\n\n\n<div class=\"wp-block-buttons is-layout-flex wp-block-buttons-is-layout-flex\">\n<div class=\"wp-block-button\"><a class=\"wp-block-button__link has-foreground-background-color has-background wp-element-button\" href=\"https:\/\/clewisinsurance.com\/es\/get-a-quote-2\/\" target=\"_blank\" rel=\"noreferrer noopener\">\u00a1Obtenga su cotizaci\u00f3n gratis hoy!<\/a><\/div>\n<\/div>\n<\/div>\n\n\n\n<div class=\"wp-block-column is-layout-flow wp-block-column-is-layout-flow\" style=\"flex-basis:66.66%\">\n<div class=\"wp-block-columns is-layout-flex wp-container-core-columns-is-layout-28f84493 wp-block-columns-is-layout-flex\">\n<div class=\"wp-block-column is-layout-flow wp-block-column-is-layout-flow\" style=\"flex-basis:100%\">\n<div class=\"wp-block-columns is-layout-flex wp-container-core-columns-is-layout-28f84493 wp-block-columns-is-layout-flex\">\n<div class=\"wp-block-column is-layout-flow wp-block-column-is-layout-flow\" style=\"flex-basis:100%\">\n<figure class=\"wp-block-gallery has-nested-images columns-default is-cropped wp-block-gallery-1 is-layout-flex wp-block-gallery-is-layout-flex\">\n<figure class=\"wp-block-image size-large\"><a href=\"https:\/\/clewisinsurance.com\/es\/4-3\/\"><img data-recalc-dims=\"1\" loading=\"lazy\" decoding=\"async\" width=\"525\" height=\"900\" data-attachment-id=\"265\" data-permalink=\"https:\/\/clewisinsurance.com\/es\/4-3\/\" data-orig-file=\"https:\/\/i0.wp.com\/clewisinsurance.com\/wp-content\/uploads\/2021\/07\/4-3.png?fit=525%2C900&amp;ssl=1\" data-orig-size=\"525,900\" data-comments-opened=\"1\" data-image-meta=\"{&quot;aperture&quot;:&quot;0&quot;,&quot;credit&quot;:&quot;&quot;,&quot;camera&quot;:&quot;&quot;,&quot;caption&quot;:&quot;&quot;,&quot;created_timestamp&quot;:&quot;0&quot;,&quot;copyright&quot;:&quot;&quot;,&quot;focal_length&quot;:&quot;0&quot;,&quot;iso&quot;:&quot;0&quot;,&quot;shutter_speed&quot;:&quot;0&quot;,&quot;title&quot;:&quot;&quot;,&quot;orientation&quot;:&quot;0&quot;}\" data-image-title=\"4-3\" data-image-description=\"\" data-image-caption=\"\" data-medium-file=\"https:\/\/i0.wp.com\/clewisinsurance.com\/wp-content\/uploads\/2021\/07\/4-3.png?fit=175%2C300&amp;ssl=1\" data-large-file=\"https:\/\/i0.wp.com\/clewisinsurance.com\/wp-content\/uploads\/2021\/07\/4-3.png?fit=525%2C900&amp;ssl=1\" data-id=\"265\" src=\"https:\/\/i0.wp.com\/clewisinsurance.com\/wp-content\/uploads\/2021\/07\/4-3.png?resize=525%2C900&#038;ssl=1\" alt=\"\" class=\"wp-image-265\"\/><\/a><figcaption class=\"wp-element-caption\">AIC<\/figcaption><\/figure>\n\n\n\n<figure class=\"wp-block-image size-large\"><a href=\"https:\/\/clewisinsurance.com\/es\/10\/\"><img data-recalc-dims=\"1\" loading=\"lazy\" decoding=\"async\" width=\"525\" height=\"900\" data-attachment-id=\"275\" data-permalink=\"https:\/\/clewisinsurance.com\/es\/10\/\" data-orig-file=\"https:\/\/i0.wp.com\/clewisinsurance.com\/wp-content\/uploads\/2021\/07\/10.png?fit=525%2C900&amp;ssl=1\" data-orig-size=\"525,900\" data-comments-opened=\"1\" data-image-meta=\"{&quot;aperture&quot;:&quot;0&quot;,&quot;credit&quot;:&quot;&quot;,&quot;camera&quot;:&quot;&quot;,&quot;caption&quot;:&quot;&quot;,&quot;created_timestamp&quot;:&quot;0&quot;,&quot;copyright&quot;:&quot;&quot;,&quot;focal_length&quot;:&quot;0&quot;,&quot;iso&quot;:&quot;0&quot;,&quot;shutter_speed&quot;:&quot;0&quot;,&quot;title&quot;:&quot;&quot;,&quot;orientation&quot;:&quot;0&quot;}\" data-image-title=\"10\" data-image-description=\"\" data-image-caption=\"\" data-medium-file=\"https:\/\/i0.wp.com\/clewisinsurance.com\/wp-content\/uploads\/2021\/07\/10.png?fit=175%2C300&amp;ssl=1\" data-large-file=\"https:\/\/i0.wp.com\/clewisinsurance.com\/wp-content\/uploads\/2021\/07\/10.png?fit=525%2C900&amp;ssl=1\" data-id=\"275\" src=\"https:\/\/i0.wp.com\/clewisinsurance.com\/wp-content\/uploads\/2021\/07\/10.png?resize=525%2C900&#038;ssl=1\" alt=\"\" class=\"wp-image-275\"\/><\/a><figcaption class=\"wp-element-caption\">Foremost<\/figcaption><\/figure>\n\n\n\n<figure class=\"wp-block-image size-large\"><a href=\"https:\/\/clewisinsurance.com\/es\/3-4\/\"><img data-recalc-dims=\"1\" loading=\"lazy\" decoding=\"async\" width=\"525\" height=\"900\" data-attachment-id=\"267\" data-permalink=\"https:\/\/clewisinsurance.com\/es\/3-4\/\" data-orig-file=\"https:\/\/i0.wp.com\/clewisinsurance.com\/wp-content\/uploads\/2021\/07\/3-4.png?fit=525%2C900&amp;ssl=1\" data-orig-size=\"525,900\" data-comments-opened=\"1\" data-image-meta=\"{&quot;aperture&quot;:&quot;0&quot;,&quot;credit&quot;:&quot;&quot;,&quot;camera&quot;:&quot;&quot;,&quot;caption&quot;:&quot;&quot;,&quot;created_timestamp&quot;:&quot;0&quot;,&quot;copyright&quot;:&quot;&quot;,&quot;focal_length&quot;:&quot;0&quot;,&quot;iso&quot;:&quot;0&quot;,&quot;shutter_speed&quot;:&quot;0&quot;,&quot;title&quot;:&quot;&quot;,&quot;orientation&quot;:&quot;0&quot;}\" data-image-title=\"3-4\" data-image-description=\"\" data-image-caption=\"\" data-medium-file=\"https:\/\/i0.wp.com\/clewisinsurance.com\/wp-content\/uploads\/2021\/07\/3-4.png?fit=175%2C300&amp;ssl=1\" data-large-file=\"https:\/\/i0.wp.com\/clewisinsurance.com\/wp-content\/uploads\/2021\/07\/3-4.png?fit=525%2C900&amp;ssl=1\" data-id=\"267\" src=\"https:\/\/i0.wp.com\/clewisinsurance.com\/wp-content\/uploads\/2021\/07\/3-4.png?resize=525%2C900&#038;ssl=1\" alt=\"\" class=\"wp-image-267\"\/><\/a><figcaption class=\"wp-element-caption\">Hagerty<\/figcaption><\/figure>\n\n\n\n<figure class=\"wp-block-image size-large\"><a href=\"https:\/\/clewisinsurance.com\/es\/9-1\/\"><img data-recalc-dims=\"1\" loading=\"lazy\" decoding=\"async\" width=\"525\" height=\"900\" data-attachment-id=\"270\" data-permalink=\"https:\/\/clewisinsurance.com\/es\/9-1\/\" data-orig-file=\"https:\/\/i0.wp.com\/clewisinsurance.com\/wp-content\/uploads\/2021\/07\/9-1.png?fit=525%2C900&amp;ssl=1\" data-orig-size=\"525,900\" data-comments-opened=\"1\" data-image-meta=\"{&quot;aperture&quot;:&quot;0&quot;,&quot;credit&quot;:&quot;&quot;,&quot;camera&quot;:&quot;&quot;,&quot;caption&quot;:&quot;&quot;,&quot;created_timestamp&quot;:&quot;0&quot;,&quot;copyright&quot;:&quot;&quot;,&quot;focal_length&quot;:&quot;0&quot;,&quot;iso&quot;:&quot;0&quot;,&quot;shutter_speed&quot;:&quot;0&quot;,&quot;title&quot;:&quot;&quot;,&quot;orientation&quot;:&quot;0&quot;}\" data-image-title=\"9-1\" data-image-description=\"\" data-image-caption=\"\" data-medium-file=\"https:\/\/i0.wp.com\/clewisinsurance.com\/wp-content\/uploads\/2021\/07\/9-1.png?fit=175%2C300&amp;ssl=1\" data-large-file=\"https:\/\/i0.wp.com\/clewisinsurance.com\/wp-content\/uploads\/2021\/07\/9-1.png?fit=525%2C900&amp;ssl=1\" data-id=\"270\" src=\"https:\/\/i0.wp.com\/clewisinsurance.com\/wp-content\/uploads\/2021\/07\/9-1.png?resize=525%2C900&#038;ssl=1\" alt=\"\" class=\"wp-image-270\"\/><\/a><figcaption class=\"wp-element-caption\">National General<\/figcaption><\/figure>\n\n\n\n<figure class=\"wp-block-image size-large\"><a href=\"https:\/\/clewisinsurance.com\/es\/1-5\/\"><img data-recalc-dims=\"1\" loading=\"lazy\" decoding=\"async\" width=\"525\" height=\"900\" data-attachment-id=\"276\" data-permalink=\"https:\/\/clewisinsurance.com\/es\/1-5\/\" data-orig-file=\"https:\/\/i0.wp.com\/clewisinsurance.com\/wp-content\/uploads\/2021\/07\/1-5.png?fit=525%2C900&amp;ssl=1\" data-orig-size=\"525,900\" data-comments-opened=\"1\" data-image-meta=\"{&quot;aperture&quot;:&quot;0&quot;,&quot;credit&quot;:&quot;&quot;,&quot;camera&quot;:&quot;&quot;,&quot;caption&quot;:&quot;&quot;,&quot;created_timestamp&quot;:&quot;0&quot;,&quot;copyright&quot;:&quot;&quot;,&quot;focal_length&quot;:&quot;0&quot;,&quot;iso&quot;:&quot;0&quot;,&quot;shutter_speed&quot;:&quot;0&quot;,&quot;title&quot;:&quot;&quot;,&quot;orientation&quot;:&quot;0&quot;}\" data-image-title=\"1-5\" data-image-description=\"\" data-image-caption=\"\" data-medium-file=\"https:\/\/i0.wp.com\/clewisinsurance.com\/wp-content\/uploads\/2021\/07\/1-5.png?fit=175%2C300&amp;ssl=1\" data-large-file=\"https:\/\/i0.wp.com\/clewisinsurance.com\/wp-content\/uploads\/2021\/07\/1-5.png?fit=525%2C900&amp;ssl=1\" data-id=\"276\" src=\"https:\/\/i0.wp.com\/clewisinsurance.com\/wp-content\/uploads\/2021\/07\/1-5.png?resize=525%2C900&#038;ssl=1\" alt=\"\" class=\"wp-image-276\"\/><\/a><figcaption class=\"wp-element-caption\">Nationwide<\/figcaption><\/figure>\n\n\n\n<figure class=\"wp-block-image size-large\"><a href=\"https:\/\/clewisinsurance.com\/es\/6-2\/\"><img data-recalc-dims=\"1\" loading=\"lazy\" decoding=\"async\" width=\"525\" height=\"900\" data-attachment-id=\"271\" data-permalink=\"https:\/\/clewisinsurance.com\/es\/6-2\/\" data-orig-file=\"https:\/\/i0.wp.com\/clewisinsurance.com\/wp-content\/uploads\/2021\/07\/6-2.png?fit=525%2C900&amp;ssl=1\" data-orig-size=\"525,900\" data-comments-opened=\"1\" data-image-meta=\"{&quot;aperture&quot;:&quot;0&quot;,&quot;credit&quot;:&quot;&quot;,&quot;camera&quot;:&quot;&quot;,&quot;caption&quot;:&quot;&quot;,&quot;created_timestamp&quot;:&quot;0&quot;,&quot;copyright&quot;:&quot;&quot;,&quot;focal_length&quot;:&quot;0&quot;,&quot;iso&quot;:&quot;0&quot;,&quot;shutter_speed&quot;:&quot;0&quot;,&quot;title&quot;:&quot;&quot;,&quot;orientation&quot;:&quot;0&quot;}\" data-image-title=\"6-2\" data-image-description=\"\" data-image-caption=\"\" data-medium-file=\"https:\/\/i0.wp.com\/clewisinsurance.com\/wp-content\/uploads\/2021\/07\/6-2.png?fit=175%2C300&amp;ssl=1\" data-large-file=\"https:\/\/i0.wp.com\/clewisinsurance.com\/wp-content\/uploads\/2021\/07\/6-2.png?fit=525%2C900&amp;ssl=1\" data-id=\"271\" src=\"https:\/\/i0.wp.com\/clewisinsurance.com\/wp-content\/uploads\/2021\/07\/6-2.png?resize=525%2C900&#038;ssl=1\" alt=\"\" class=\"wp-image-271\"\/><\/a><figcaption class=\"wp-element-caption\">Progressive<\/figcaption><\/figure>\n\n\n\n<figure class=\"wp-block-image size-large\"><a href=\"https:\/\/clewisinsurance.com\/es\/8-2\/\"><img data-recalc-dims=\"1\" loading=\"lazy\" decoding=\"async\" width=\"525\" height=\"900\" data-attachment-id=\"274\" data-permalink=\"https:\/\/clewisinsurance.com\/es\/8-2\/\" data-orig-file=\"https:\/\/i0.wp.com\/clewisinsurance.com\/wp-content\/uploads\/2021\/07\/8-2.png?fit=525%2C900&amp;ssl=1\" data-orig-size=\"525,900\" data-comments-opened=\"1\" data-image-meta=\"{&quot;aperture&quot;:&quot;0&quot;,&quot;credit&quot;:&quot;&quot;,&quot;camera&quot;:&quot;&quot;,&quot;caption&quot;:&quot;&quot;,&quot;created_timestamp&quot;:&quot;0&quot;,&quot;copyright&quot;:&quot;&quot;,&quot;focal_length&quot;:&quot;0&quot;,&quot;iso&quot;:&quot;0&quot;,&quot;shutter_speed&quot;:&quot;0&quot;,&quot;title&quot;:&quot;&quot;,&quot;orientation&quot;:&quot;0&quot;}\" data-image-title=\"8-2\" data-image-description=\"\" data-image-caption=\"\" data-medium-file=\"https:\/\/i0.wp.com\/clewisinsurance.com\/wp-content\/uploads\/2021\/07\/8-2.png?fit=175%2C300&amp;ssl=1\" data-large-file=\"https:\/\/i0.wp.com\/clewisinsurance.com\/wp-content\/uploads\/2021\/07\/8-2.png?fit=525%2C900&amp;ssl=1\" data-id=\"274\" src=\"https:\/\/i0.wp.com\/clewisinsurance.com\/wp-content\/uploads\/2021\/07\/8-2.png?resize=525%2C900&#038;ssl=1\" alt=\"\" class=\"wp-image-274\"\/><\/a><figcaption class=\"wp-element-caption\">Shenandoah Mutual<\/figcaption><\/figure>\n\n\n\n<figure class=\"wp-block-image size-large\"><a href=\"https:\/\/clewisinsurance.com\/es\/7-2\/\"><img data-recalc-dims=\"1\" loading=\"lazy\" decoding=\"async\" width=\"525\" height=\"900\" data-attachment-id=\"277\" data-permalink=\"https:\/\/clewisinsurance.com\/es\/7-2\/\" data-orig-file=\"https:\/\/i0.wp.com\/clewisinsurance.com\/wp-content\/uploads\/2021\/07\/7-2.png?fit=525%2C900&amp;ssl=1\" data-orig-size=\"525,900\" data-comments-opened=\"1\" data-image-meta=\"{&quot;aperture&quot;:&quot;0&quot;,&quot;credit&quot;:&quot;&quot;,&quot;camera&quot;:&quot;&quot;,&quot;caption&quot;:&quot;&quot;,&quot;created_timestamp&quot;:&quot;0&quot;,&quot;copyright&quot;:&quot;&quot;,&quot;focal_length&quot;:&quot;0&quot;,&quot;iso&quot;:&quot;0&quot;,&quot;shutter_speed&quot;:&quot;0&quot;,&quot;title&quot;:&quot;&quot;,&quot;orientation&quot;:&quot;0&quot;}\" data-image-title=\"7-2\" data-image-description=\"\" data-image-caption=\"\" data-medium-file=\"https:\/\/i0.wp.com\/clewisinsurance.com\/wp-content\/uploads\/2021\/07\/7-2.png?fit=175%2C300&amp;ssl=1\" data-large-file=\"https:\/\/i0.wp.com\/clewisinsurance.com\/wp-content\/uploads\/2021\/07\/7-2.png?fit=525%2C900&amp;ssl=1\" data-id=\"277\" src=\"https:\/\/i0.wp.com\/clewisinsurance.com\/wp-content\/uploads\/2021\/07\/7-2.png?resize=525%2C900&#038;ssl=1\" alt=\"\" class=\"wp-image-277\"\/><\/a><figcaption class=\"wp-element-caption\">Travelers<\/figcaption><\/figure>\n\n\n\n<figure class=\"wp-block-image size-large\"><a href=\"https:\/\/clewisinsurance.com\/es\/2-5\/\"><img data-recalc-dims=\"1\" loading=\"lazy\" decoding=\"async\" width=\"525\" height=\"900\" data-attachment-id=\"280\" data-permalink=\"https:\/\/clewisinsurance.com\/es\/2-5\/\" data-orig-file=\"https:\/\/i0.wp.com\/clewisinsurance.com\/wp-content\/uploads\/2021\/07\/2-5.png?fit=525%2C900&amp;ssl=1\" data-orig-size=\"525,900\" data-comments-opened=\"1\" data-image-meta=\"{&quot;aperture&quot;:&quot;0&quot;,&quot;credit&quot;:&quot;&quot;,&quot;camera&quot;:&quot;&quot;,&quot;caption&quot;:&quot;&quot;,&quot;created_timestamp&quot;:&quot;0&quot;,&quot;copyright&quot;:&quot;&quot;,&quot;focal_length&quot;:&quot;0&quot;,&quot;iso&quot;:&quot;0&quot;,&quot;shutter_speed&quot;:&quot;0&quot;,&quot;title&quot;:&quot;&quot;,&quot;orientation&quot;:&quot;0&quot;}\" data-image-title=\"2-5\" data-image-description=\"\" data-image-caption=\"\" data-medium-file=\"https:\/\/i0.wp.com\/clewisinsurance.com\/wp-content\/uploads\/2021\/07\/2-5.png?fit=175%2C300&amp;ssl=1\" data-large-file=\"https:\/\/i0.wp.com\/clewisinsurance.com\/wp-content\/uploads\/2021\/07\/2-5.png?fit=525%2C900&amp;ssl=1\" data-id=\"280\" src=\"https:\/\/i0.wp.com\/clewisinsurance.com\/wp-content\/uploads\/2021\/07\/2-5.png?resize=525%2C900&#038;ssl=1\" alt=\"\" class=\"wp-image-280\"\/><\/a><figcaption class=\"wp-element-caption\">Trexis<\/figcaption><\/figure>\n<\/figure>\n<\/div>\n<\/div>\n<\/div>\n<\/div>\n<\/div>\n<\/div>\n\n\n\n<div style=\"height:100px\" aria-hidden=\"true\" class=\"wp-block-spacer\"><\/div>\n\n\n\n<div style=\"height:100px\" aria-hidden=\"true\" class=\"wp-block-spacer\"><\/div>\n\n\n\n<div class=\"wp-block-group alignfull is-layout-flow wp-block-group-is-layout-flow\">\n<div class=\"wp-block-group alignfull is-layout-flow wp-block-group-is-layout-flow\">\n<div class=\"wp-block-jetpack-layout-grid alignfull column1-desktop-grid__span-2 column1-desktop-grid__start-2 column1-desktop-grid__row-1 column2-desktop-grid__span-3 column2-desktop-grid__start-4 column2-desktop-grid__row-1 column3-desktop-grid__span-3 column3-desktop-grid__start-7 column3-desktop-grid__row-1 column4-desktop-grid__span-3 column4-desktop-grid__start-10 column4-desktop-grid__row-1 column1-tablet-grid__span-4 column1-tablet-grid__row-1 column2-tablet-grid__span-4 column2-tablet-grid__start-5 column2-tablet-grid__row-1 column3-tablet-grid__span-4 column3-tablet-grid__row-2 column4-tablet-grid__span-4 column4-tablet-grid__start-5 column4-tablet-grid__row-2 column1-mobile-grid__span-4 column1-mobile-grid__row-1 column2-mobile-grid__span-4 column2-mobile-grid__row-2 column3-mobile-grid__span-4 column3-mobile-grid__row-3 column4-mobile-grid__span-4 column4-mobile-grid__row-4\">\n<div class=\"wp-block-jetpack-layout-grid-column wp-block-jetpack-layout-grid__padding-none\">\n<h1 class=\"wp-block-heading has-text-align-left\">Cont\u00e1ctanos<\/h1>\n<\/div>\n\n\n\n<div class=\"wp-block-jetpack-layout-grid-column wp-block-jetpack-layout-grid__padding-none\">\n<div class=\"wp-block-jetpack-contact-info\">\n<h3 class=\"wp-block-heading\">Oficina de Winchester<\/h3>\n\n\n\n<div class=\"wp-block-jetpack-address\"><div class=\"jetpack-address__address jetpack-address__address1\">1000 Valley Avenue<\/div><div class=\"jetpack-address__address jetpack-address__address2\">Suite 3<\/div><div><span class=\"jetpack-address__city\">Winchester<\/span>, <span class=\"jetpack-address__region\">VA<\/span> <span class=\"jetpack-address__postal\">22601<\/span><\/div><div class=\"jetpack-address__country\">USA<\/div><\/div>\n\n\n\n<div class=\"wp-block-jetpack-phone\"><a href=\"tel:5403139100\">540.313.9100<\/a><\/div>\n<\/div>\n\n\n\n<div class=\"wp-block-jetpack-contact-info\">\n\n\n\n<\/div>\n<\/div>\n\n\n\n<div class=\"wp-block-jetpack-layout-grid-column wp-block-jetpack-layout-grid__padding-none\">\n<div class=\"wp-block-jetpack-contact-info\">\n\n\n\n<\/div>\n<\/div>\n\n\n\n<div class=\"wp-block-jetpack-layout-grid-column wp-block-jetpack-layout-grid__padding-none\">\n<ul class=\"wp-block-social-links is-layout-flex wp-block-social-links-is-layout-flex\"><li class=\"wp-social-link wp-social-link-facebook  wp-block-social-link\"><a href=\"https:\/\/www.facebook.com\/chadlewisinsurance\/\" class=\"wp-block-social-link-anchor\"><svg width=\"24\" height=\"24\" viewbox=\"0 0 24 24\" version=\"1.1\" xmlns=\"http:\/\/www.w3.org\/2000\/svg\" aria-hidden=\"true\" focusable=\"false\"><path d=\"M12 2C6.5 2 2 6.5 2 12c0 5 3.7 9.1 8.4 9.9v-7H7.9V12h2.5V9.8c0-2.5 1.5-3.9 3.8-3.9 1.1 0 2.2.2 2.2.2v2.5h-1.3c-1.2 0-1.6.8-1.6 1.6V12h2.8l-.4 2.9h-2.3v7C18.3 21.1 22 17 22 12c0-5.5-4.5-10-10-10z\"><\/path><\/svg><span class=\"wp-block-social-link-label screen-reader-text\">Facebook<\/span><\/a><\/li>\n\n<li class=\"wp-social-link wp-social-link-twitter  wp-block-social-link\"><a href=\"https:\/\/twitter.com\/clewisinsurance?lang=en\" class=\"wp-block-social-link-anchor\"><svg width=\"24\" height=\"24\" viewbox=\"0 0 24 24\" version=\"1.1\" xmlns=\"http:\/\/www.w3.org\/2000\/svg\" aria-hidden=\"true\" focusable=\"false\"><path d=\"M22.23,5.924c-0.736,0.326-1.527,0.547-2.357,0.646c0.847-0.508,1.498-1.312,1.804-2.27 c-0.793,0.47-1.671,0.812-2.606,0.996C18.324,4.498,17.257,4,16.077,4c-2.266,0-4.103,1.837-4.103,4.103 c0,0.322,0.036,0.635,0.106,0.935C8.67,8.867,5.647,7.234,3.623,4.751C3.27,5.357,3.067,6.062,3.067,6.814 c0,1.424,0.724,2.679,1.825,3.415c-0.673-0.021-1.305-0.206-1.859-0.513c0,0.017,0,0.034,0,0.052c0,1.988,1.414,3.647,3.292,4.023 c-0.344,0.094-0.707,0.144-1.081,0.144c-0.264,0-0.521-0.026-0.772-0.074c0.522,1.63,2.038,2.816,3.833,2.85 c-1.404,1.1-3.174,1.756-5.096,1.756c-0.331,0-0.658-0.019-0.979-0.057c1.816,1.164,3.973,1.843,6.29,1.843 c7.547,0,11.675-6.252,11.675-11.675c0-0.178-0.004-0.355-0.012-0.531C20.985,7.47,21.68,6.747,22.23,5.924z\"><\/path><\/svg><span class=\"wp-block-social-link-label screen-reader-text\">Twitter<\/span><\/a><\/li>\n\n<li class=\"wp-social-link wp-social-link-linkedin  wp-block-social-link\"><a href=\"https:\/\/www.linkedin.com\/company\/chad-m-lewis-insurance-agency\/\" class=\"wp-block-social-link-anchor\"><svg width=\"24\" height=\"24\" viewbox=\"0 0 24 24\" version=\"1.1\" xmlns=\"http:\/\/www.w3.org\/2000\/svg\" aria-hidden=\"true\" focusable=\"false\"><path d=\"M19.7,3H4.3C3.582,3,3,3.582,3,4.3v15.4C3,20.418,3.582,21,4.3,21h15.4c0.718,0,1.3-0.582,1.3-1.3V4.3 C21,3.582,20.418,3,19.7,3z M8.339,18.338H5.667v-8.59h2.672V18.338z M7.004,8.574c-0.857,0-1.549-0.694-1.549-1.548 c0-0.855,0.691-1.548,1.549-1.548c0.854,0,1.547,0.694,1.547,1.548C8.551,7.881,7.858,8.574,7.004,8.574z M18.339,18.338h-2.669 v-4.177c0-0.996-0.017-2.278-1.387-2.278c-1.389,0-1.601,1.086-1.601,2.206v4.249h-2.667v-8.59h2.559v1.174h0.037 c0.356-0.675,1.227-1.387,2.526-1.387c2.703,0,3.203,1.779,3.203,4.092V18.338z\"><\/path><\/svg><span class=\"wp-block-social-link-label screen-reader-text\">LinkedIn<\/span><\/a><\/li><\/ul>\n<\/div>\n<\/div>\n<\/div>\n\n\n\n<div style=\"height:64px\" aria-hidden=\"true\" class=\"wp-block-spacer\"><\/div>\n<\/div>","protected":false},"excerpt":{"rendered":"<p>Our Insurance Carriers At the Chad M. Lewis Insurance Agency, we offer a wide variety of insurance carriers to satisfy the needs of every customer. Contact our team of local insurance experts today or click the link below for a free quote! [&hellip;]<\/p>\n","protected":false},"author":208202963,"featured_media":0,"parent":0,"menu_order":0,"comment_status":"closed","ping_status":"closed","template":"","meta":{"_coblocks_attr":"","_coblocks_dimensions":"","_coblocks_responsive_height":"","_coblocks_accordion_ie_support":"","advanced_seo_description":"","jetpack_seo_html_title":"","jetpack_seo_noindex":false,"jetpack_post_was_ever_published":false,"footnotes":""},"class_list":["post-252","page","type-page","status-publish","hentry"],"jetpack_likes_enabled":true,"jetpack_sharing_enabled":true,"jetpack_shortlink":"https:\/\/wp.me\/PdboXQ-44","amp_enabled":true,"_links":{"self":[{"href":"https:\/\/clewisinsurance.com\/es\/wp-json\/wp\/v2\/pages\/252","targetHints":{"allow":["GET"]}}],"collection":[{"href":"https:\/\/clewisinsurance.com\/es\/wp-json\/wp\/v2\/pages"}],"about":[{"href":"https:\/\/clewisinsurance.com\/es\/wp-json\/wp\/v2\/types\/page"}],"author":[{"embeddable":true,"href":"https:\/\/clewisinsurance.com\/es\/wp-json\/wp\/v2\/users\/208202963"}],"replies":[{"embeddable":true,"href":"https:\/\/clewisinsurance.com\/es\/wp-json\/wp\/v2\/comments?post=252"}],"version-history":[{"count":25,"href":"https:\/\/clewisinsurance.com\/es\/wp-json\/wp\/v2\/pages\/252\/revisions"}],"predecessor-version":[{"id":6325,"href":"https:\/\/clewisinsurance.com\/es\/wp-json\/wp\/v2\/pages\/252\/revisions\/6325"}],"wp:attachment":[{"href":"https:\/\/clewisinsurance.com\/es\/wp-json\/wp\/v2\/media?parent=252"}],"curies":[{"name":"wp","href":"https:\/\/api.w.org\/{rel}","templated":true}]}}